{"id":10234,"date":"2024-10-30T15:11:15","date_gmt":"2024-10-30T15:11:15","guid":{"rendered":"https:\/\/lacazalladeronda.com\/?page_id=10234"},"modified":"2025-03-27T12:19:20","modified_gmt":"2025-03-27T12:19:20","slug":"book-now","status":"publish","type":"page","link":"https:\/\/lacazalladeronda.com\/es\/book-now\/","title":{"rendered":"Pricing"},"content":{"rendered":"<div data-elementor-type=\"wp-page\" data-elementor-id=\"10234\" class=\"elementor elementor-10234\">\n\t\t\t\t\t\t<section class=\"elementor-section elementor-top-section elementor-element elementor-element-3c28a22b elementor-section-full_width elementor-section-height-default elementor-section-height-default\" data-id=\"3c28a22b\" data-element_type=\"section\" data-settings=\"{&quot;shape_divider_bottom&quot;:&quot;wave-brush&quot;}\">\n\t\t\t\t\t<div class=\"elementor-shape elementor-shape-bottom\" aria-hidden=\"true\" data-negative=\"false\">\n\t\t\t<svg xmlns=\"http:\/\/www.w3.org\/2000\/svg\" viewbox=\"0 0 283.5 27.8\" preserveaspectratio=\"none\">\n\t<path class=\"elementor-shape-fill\" d=\"M283.5,9.7c0,0-7.3,4.3-14,4.6c-6.8,0.3-12.6,0-20.9-1.5c-11.3-2-33.1-10.1-44.7-5.7\ts-12.1,4.6-18,7.4c-6.6,3.2-20,9.6-36.6,9.3C131.6,23.5,99.5,7.2,86.3,8c-1.4,0.1-6.6,0.8-10.5,2c-3.8,1.2-9.4,3.8-17,4.7\tc-3.2,0.4-8.3,1.1-14.2,0.9c-1.5-0.1-6.3-0.4-12-1.6c-5.7-1.2-11-3.1-15.8-3.7C6.5,9.2,0,10.8,0,10.8V0h283.5V9.7z M260.8,11.3\tc-0.7-1-2-0.4-4.3-0.4c-2.3,0-6.1-1.2-5.8-1.1c0.3,0.1,3.1,1.5,6,1.9C259.7,12.2,261.4,12.3,260.8,11.3z M242.4,8.6\tc0,0-2.4-0.2-5.6-0.9c-3.2-0.8-10.3-2.8-15.1-3.5c-8.2-1.1-15.8,0-15.1,0.1c0.8,0.1,9.6-0.6,17.6,1.1c3.3,0.7,9.3,2.2,12.4,2.7\tC239.9,8.7,242.4,8.6,242.4,8.6z M185.2,8.5c1.7-0.7-13.3,4.7-18.5,6.1c-2.1,0.6-6.2,1.6-10,2c-3.9,0.4-8.9,0.4-8.8,0.5\tc0,0.2,5.8,0.8,11.2,0c5.4-0.8,5.2-1.1,7.6-1.6C170.5,14.7,183.5,9.2,185.2,8.5z M199.1,6.9c0.2,0-0.8-0.4-4.8,1.1\tc-4,1.5-6.7,3.5-6.9,3.7c-0.2,0.1,3.5-1.8,6.6-3C197,7.5,199,6.9,199.1,6.9z M283,6c-0.1,0.1-1.9,1.1-4.8,2.5s-6.9,2.8-6.7,2.7\tc0.2,0,3.5-0.6,7.4-2.5C282.8,6.8,283.1,5.9,283,6z M31.3,11.6c0.1-0.2-1.9-0.2-4.5-1.2s-5.4-1.6-7.8-2C15,7.6,7.3,8.5,7.7,8.6\tC8,8.7,15.9,8.3,20.2,9.3c2.2,0.5,2.4,0.5,5.7,1.6S31.2,11.9,31.3,11.6z M73,9.2c0.4-0.1,3.5-1.6,8.4-2.6c4.9-1.1,8.9-0.5,8.9-0.8\tc0-0.3-1-0.9-6.2-0.3S72.6,9.3,73,9.2z M71.6,6.7C71.8,6.8,75,5.4,77.3,5c2.3-0.3,1.9-0.5,1.9-0.6c0-0.1-1.1-0.2-2.7,0.2\tC74.8,5.1,71.4,6.6,71.6,6.7z M93.6,4.4c0.1,0.2,3.5,0.8,5.6,1.8c2.1,1,1.8,0.6,1.9,0.5c0.1-0.1-0.8-0.8-2.4-1.3\tC97.1,4.8,93.5,4.2,93.6,4.4z M65.4,11.1c-0.1,0.3,0.3,0.5,1.9-0.2s2.6-1.3,2.2-1.2s-0.9,0.4-2.5,0.8C65.3,10.9,65.5,10.8,65.4,11.1\tz M34.5,12.4c-0.2,0,2.1,0.8,3.3,0.9c1.2,0.1,2,0.1,2-0.2c0-0.3-0.1-0.5-1.6-0.4C36.6,12.8,34.7,12.4,34.5,12.4z M152.2,21.1\tc-0.1,0.1-2.4-0.3-7.5-0.3c-5,0-13.6-2.4-17.2-3.5c-3.6-1.1,10,3.9,16.5,4.1C150.5,21.6,152.3,21,152.2,21.1z\"\/>\n\t<path class=\"elementor-shape-fill\" d=\"M269.6,18c-0.1-0.1-4.6,0.3-7.2,0c-7.3-0.7-17-3.2-16.6-2.9c0.4,0.3,13.7,3.1,17,3.3\tC267.7,18.8,269.7,18,269.6,18z\"\/>\n\t<path class=\"elementor-shape-fill\" d=\"M227.4,9.8c-0.2-0.1-4.5-1-9.5-1.2c-5-0.2-12.7,0.6-12.3,0.5c0.3-0.1,5.9-1.8,13.3-1.2\tS227.6,9.9,227.4,9.8z\"\/>\n\t<path class=\"elementor-shape-fill\" d=\"M204.5,13.4c-0.1-0.1,2-1,3.2-1.1c1.2-0.1,2,0,2,0.3c0,0.3-0.1,0.5-1.6,0.4\tC206.4,12.9,204.6,13.5,204.5,13.4z\"\/>\n\t<path class=\"elementor-shape-fill\" d=\"M201,10.6c0-0.1-4.4,1.2-6.3,2.2c-1.9,0.9-6.2,3.1-6.1,3.1c0.1,0.1,4.2-1.6,6.3-2.6\tS201,10.7,201,10.6z\"\/>\n\t<path class=\"elementor-shape-fill\" d=\"M154.5,26.7c-0.1-0.1-4.6,0.3-7.2,0c-7.3-0.7-17-3.2-16.6-2.9c0.4,0.3,13.7,3.1,17,3.3\tC152.6,27.5,154.6,26.8,154.5,26.7z\"\/>\n\t<path class=\"elementor-shape-fill\" d=\"M41.9,19.3c0,0,1.2-0.3,2.9-0.1c1.7,0.2,5.8,0.9,8.2,0.7c4.2-0.4,7.4-2.7,7-2.6\tc-0.4,0-4.3,2.2-8.6,1.9c-1.8-0.1-5.1-0.5-6.7-0.4S41.9,19.3,41.9,19.3z\"\/>\n\t<path class=\"elementor-shape-fill\" d=\"M75.5,12.6c0.2,0.1,2-0.8,4.3-1.1c2.3-0.2,2.1-0.3,2.1-0.5c0-0.1-1.8-0.4-3.4,0\tC76.9,11.5,75.3,12.5,75.5,12.6z\"\/>\n\t<path class=\"elementor-shape-fill\" d=\"M15.6,13.2c0-0.1,4.3,0,6.7,0.5c2.4,0.5,5,1.9,5,2c0,0.1-2.7-0.8-5.1-1.4\tC19.9,13.7,15.7,13.3,15.6,13.2z\"\/>\n<\/svg>\t\t<\/div>\n\t\t\t\t\t<div class=\"elementor-container elementor-column-gap-no\">\n\t\t\t\t\t<div class=\"elementor-column elementor-col-100 elementor-top-column elementor-element elementor-element-19877314\" data-id=\"19877314\" data-element_type=\"column\">\n\t\t\t<div class=\"elementor-widget-wrap elementor-element-populated\">\n\t\t\t\t\t\t<div class=\"elementor-element elementor-element-24e54431 elementor-widget__width-initial elementor-widget elementor-widget-kinsley-intro\" data-id=\"24e54431\" data-element_type=\"widget\" data-widget_type=\"kinsley-intro.default\">\n\t\t\t\t<div class=\"elementor-widget-container\">\n\t\t\t\t\t\n    <!-- banner -->\n    <section class=\"knsl-banner-simple knsl-transition-bottom knsl-banner-white\">\n      \n\t  \t  <div class=\"knsl-cover-frame\">\n\t\t\t\t\t\t<div style=\"background-image: url('https:\/\/lacazalladeronda.com\/wp-content\/uploads\/2024\/10\/Pool.jpg');\" class=\"knsl-parallax knsl-banner-slide\"><\/div>\n\t\t\t\t\t\t\t\t\t  <\/div>\n\t  <div class=\"knsl-overlay\" style=\"opacity: 0.8;\"><\/div>\n\t  \n      <div class=\"container\">\n        <div class=\"row\">\n          <div class=\"col-lg-12\">\n\n            <div class=\"knsl-center knsl-title-frame title-pos-top\">\n                            <h1 class=\"knsl-title--h knsl-mb-20 knsl-h1-inner\">\n                <span >\n                    Tarifas &amp; Informaci\u00f3n Sobre Reservas                <\/span>\n              <\/h1>\n                            \n              <ul class=\"knsl-breadcrumbs\"><li><a href=\"https:\/\/lacazalladeronda.com\/es\" title=\"La Cazalla de Ronda\">Hogar<\/a><\/li><li class=\"tst-active\"><a><\/a><\/li><\/ul>\n            <\/div>\n\n          <\/div>\n        <\/div>\n      <\/div>\n    <\/section>\n    <!-- banner end -->\n\n\t\t\t\t\t\t<\/div>\n\t\t\t\t<\/div>\n\t\t\t\t\t<\/div>\n\t\t<\/div>\n\t\t\t\t\t<\/div>\n\t\t<\/section>\n\t\t<div class=\"elementor-element elementor-element-bcbe1d8 e-flex e-con-boxed e-con e-parent\" data-id=\"bcbe1d8\" data-element_type=\"container\">\n\t\t\t\t\t<div class=\"e-con-inner\">\n\t\t<div class=\"elementor-element elementor-element-0314f3f e-con-full e-flex e-con e-child\" data-id=\"0314f3f\" data-element_type=\"container\">\n\t\t\t\t<div class=\"elementor-element elementor-element-d737fbf elementor-widget elementor-widget-kinsley-section-heading-two\" data-id=\"d737fbf\" data-element_type=\"widget\" data-widget_type=\"kinsley-section-heading-two.default\">\n\t\t\t\t<div class=\"elementor-widget-container\">\n\t\t\t\t\t\n\t\t\t\t<div class=\"knsl-subtitle-two knsl-mb-20\">\n\t\t\t<span >\n\t\t\t\tInformaci\u00f3n Sobre Reservas\t\t\t<\/span>\n\t\t<\/div>\n\t\t\t\t\t\t<h2 class=\"knsl-title-two knsl-mb-30\">\n\t\t\t<span >\n\t\t\t\tTarifas de La Villa\t\t\t<\/span>\n\t\t<\/h2>\n\t\t\t\t\t\t<div class=\"knsl-description-two\">\n\t\t\t<div >\n\t\t\t\tCasa Principal y El Nido (12 plazas)\n\nDesde tan s\u00f3lo 1.056 euros por 2 noches en Temporada Baja hasta 5.072 euros por semana en Temporada Alta.  Con un total de seis dormitorios, La Cazalla es perfecta para familias, amigos y actividades de grupo de hasta 12 personas que buscan una villa privada en Andaluc\u00eda. Consulte disponibilidad para conocer el precio exacto de su estancia. \n\n\t\t\t<\/div>\n\t\t<\/div>\n\t\t\n\t\t\t\t\t\t<\/div>\n\t\t\t\t<\/div>\n\t\t\t\t<div class=\"elementor-element elementor-element-fd39c43 elementor-widget elementor-widget-text-editor\" data-id=\"fd39c43\" data-element_type=\"widget\" data-widget_type=\"text-editor.default\">\n\t\t\t\t<div class=\"elementor-widget-container\">\n\t\t\t\t\t\t\t\t\t<p><strong>Invierno - Estancia m\u00ednima: 2 noches.  D\u00edas flexibles de entrada y salida<br \/><\/strong><\/p><p><strong>Primavera \/ Oto\u00f1o - Estancia m\u00ednima: 5 noches.  D\u00edas flexibles de entrada y salida<br \/><\/strong><\/p><p><strong>Verano - Estancia m\u00ednima: 7 noches.  Entrada y salida s\u00f3lo los s\u00e1bados.<br \/><\/strong><\/p>\t\t\t\t\t\t\t\t<\/div>\n\t\t\t\t<\/div>\n\t\t\t\t<\/div>\n\t\t\t\t\t<\/div>\n\t\t\t\t<\/div>\n\t\t<div class=\"elementor-element elementor-element-3b8af1af e-flex e-con-boxed e-con e-parent\" data-id=\"3b8af1af\" data-element_type=\"container\">\n\t\t\t\t\t<div class=\"e-con-inner\">\n\t\t\t\t<div class=\"elementor-element elementor-element-1f15cb6 elementor-widget elementor-widget-html\" data-id=\"1f15cb6\" data-element_type=\"widget\" data-widget_type=\"html.default\">\n\t\t\t\t<div class=\"elementor-widget-container\">\n\t\t\t\t\t<script src=\"https:\/\/www.bookingmood.com\/js\/resize.js\"><\/script>\n<iframe\n  src=\"https:\/\/www.bookingmood.com\/embed\/fdadd6f0-0b33-4179-a0b2-0f906d66c707?\"\n  style=\"width:100%;border:none\"\n><\/iframe>\t\t\t\t<\/div>\n\t\t\t\t<\/div>\n\t\t\t\t\t<\/div>\n\t\t\t\t<\/div>\n\t\t\t\t<section class=\"elementor-section elementor-top-section elementor-element elementor-element-15bf1238 elementor-section-full_width elementor-section-height-default elementor-section-height-default\" data-id=\"15bf1238\" data-element_type=\"section\">\n\t\t\t\t\t\t<div class=\"elementor-container elementor-column-gap-no\">\n\t\t\t\t\t<div class=\"elementor-column elementor-col-100 elementor-top-column elementor-element elementor-element-564d9778\" data-id=\"564d9778\" data-element_type=\"column\">\n\t\t\t<div class=\"elementor-widget-wrap elementor-element-populated\">\n\t\t\t\t\t\t<div class=\"elementor-element elementor-element-682eac6b elementor-widget elementor-widget-kinsley-about\" data-id=\"682eac6b\" data-element_type=\"widget\" data-widget_type=\"kinsley-about.default\">\n\t\t\t\t<div class=\"elementor-widget-container\">\n\t\t\t\t\t\n\t\t<!-- about -->\n\t\t<section class=\"knsl-p-0-100\">\n\n\t\t<div class=\"container\">\n\t\t\t<div class=\"knsl-about-card\">\n\t\t\t\t\t\t\t\t\t\t\t\t\t\t\t<div class=\"row no-gutters\">\t\t\t\t\t<div class=\"col-lg-6\">\n\t\t\t\t\t\t\t\t\t\t<div class=\"knsl-about-photo\">\n\t\t\t\t\t\t<img decoding=\"async\" src=\"https:\/\/lacazalladeronda.com\/wp-content\/uploads\/2024\/08\/Outside-dining.jpg\" alt=\"\" \/>\n\t\t\t\t\t<\/div>\n\t\t\t\t\t\t\t\t\t\t<\/div>\n\t\t\t\t\t<div class=\"col-lg-6 align-self-center\">\n\t\t\t\t\t<div class=\"knsl-about-text\">\n\t\t\t\t\t\t<div class=\"knsl-title-frame\">\n\t\t\t\t\t\t\t\t\t\t\t\t<h2 class=\"knsl-mb-20\">\n\t\t\t\t\t\t\t<span >\n\t\t\t\t\t\t\t\t\t\t\tQu\u00e9 incluye\t\t\t\t\t\t\t\t\t\t<\/span>\n\t\t\t\t\t\t<\/h2>\n\t\t\t\t\t\t\t\t\t\t\t\t\t\t\t\t\t\t\t<div class=\"knsl-text knsl-mb-30\">\n\t\t\t\t\t\t\t\t\t<div >\n\t\t\t\t\t\t\t\t\t\t\t\t<p>Ropa de cama y toallas.<\/p><p>Limpieza diaria (excepto fines de semana).<\/p><p>WiFi r\u00e1pido y gratuito. TV internacional.<\/p><p>Primera cesta de le\u00f1a para la chiminea.<\/p><p>Calefacci\u00f3n central (incluida de noviembre a marzo, en el improbable caso de que se necesite calefacci\u00f3n central en abril u octubre, cobramos 60 euros por noche).<\/p>\t\t\t\t\t\t\t\t\t\t\t<\/div>\n\t\t\t\t\t\t\t\t\t<\/div>\n\t\t\t\t\t\t\t\t\t\t\t\t\t\t\t\t\t\t\t\t\t\t<\/div>\n\t\t\t\t\t<\/div>\n\t\t\t\t\t<\/div>\n\t\t\t\t\t\t\t\t\t\t\t\t\t\t\t\t\t\t\t\t\t\t<div class=\"col-lg-6 order-lg-2\">\n\t\t\t\t\t\t\t\t\t\t<div class=\"knsl-about-photo\">\n\t\t\t\t\t\t<img decoding=\"async\" src=\"https:\/\/lacazalladeronda.com\/wp-content\/uploads\/2024\/08\/Lower-lounge-scaled.jpg\" alt=\"\" \/>\n\t\t\t\t\t<\/div>\n\t\t\t\t\t\t\t\t\t\t<\/div>\n\t\t\t\t\t<div class=\"col-lg-6 align-self-center\">\n\t\t\t\t\t<div class=\"knsl-about-text\">\n\t\t\t\t\t\t<div class=\"knsl-title-frame\">\n\t\t\t\t\t\t\t\t\t\t\t\t<h2 class=\"knsl-mb-20\">\n\t\t\t\t\t\t\t<span >\n\t\t\t\t\t\t\t\t\t\t\tPagos\t\t\t\t\t\t\t\t\t\t<\/span>\n\t\t\t\t\t\t<\/h2>\n\t\t\t\t\t\t\t\t\t\t\t\t\t\t\t\t\t\t\t<div class=\"knsl-text knsl-mb-30\">\n\t\t\t\t\t\t\t\t\t<div >\n\t\t\t\t\t\t\t\t\t\t\t\t<p>At the time of reservation we require 50% of the total payment.<br \/>El saldo debe abonarse con 2 meses (60 d\u00edas) de antelaci\u00f3n a la fecha de llegada. Las reservas efectuadas con menos de 2 meses de antelaci\u00f3n a la llegada deber\u00e1n enviar el 100% del pago en el momento de efectuar la reserva.<\/p><p>Todos los precios incluyen impuestos.<\/p><p><strong>FIANZA<\/strong><br \/>Se requiere un dep\u00f3sito de seguridad por da\u00f1os de 500 euros (a pagar con el saldo), que se devolver\u00e1 en el plazo de una semana a partir de su salida, siempre que no se hayan producido roturas o da\u00f1os m\u00e1s all\u00e1 del desgaste normal, y que la casa se deje en condiciones razonablemente limpias.<\/p>\t\t\t\t\t\t\t\t\t\t\t<\/div>\n\t\t\t\t\t\t\t\t\t<\/div>\n\t\t\t\t\t\t\t\t\t\t\t\t\t\t\t\t\t\t\t\t\t\t<\/div>\n\t\t\t\t\t<\/div>\n\t\t\t\t\t<\/div>\n\t\t\t\t\t<\/div>\t\t\t\t\t\t\t\t\t\t\t\t<div class=\"row no-gutters\">\t\t\t\t\t<div class=\"col-lg-6\">\n\t\t\t\t\t\t\t\t\t\t<div class=\"knsl-about-photo\">\n\t\t\t\t\t\t<img decoding=\"async\" src=\"https:\/\/lacazalladeronda.com\/wp-content\/uploads\/2024\/08\/Lounging-with-a-view.jpg\" alt=\"\" \/>\n\t\t\t\t\t<\/div>\n\t\t\t\t\t\t\t\t\t\t<\/div>\n\t\t\t\t\t<div class=\"col-lg-6 align-self-center\">\n\t\t\t\t\t<div class=\"knsl-about-text\">\n\t\t\t\t\t\t<div class=\"knsl-title-frame\">\n\t\t\t\t\t\t\t\t\t\t\t\t<h2 class=\"knsl-mb-20\">\n\t\t\t\t\t\t\t<span >\n\t\t\t\t\t\t\t\t\t\t\tLlegada\t\t\t\t\t\t\t\t\t\t<\/span>\n\t\t\t\t\t\t<\/h2>\n\t\t\t\t\t\t\t\t\t\t\t\t\t\t\t\t\t\t\t<div class=\"knsl-text knsl-mb-30\">\n\t\t\t\t\t\t\t\t\t<div >\n\t\t\t\t\t\t\t\t\t\t\t\t<p>La hora de llegada no es antes de las 16:00 y la de salida a las 10:00, a menos que se acuerde otra cosa. Preferimos la llegada y salida en s\u00e1bado durante la temporada alta, pero seremos flexibles durante el resto del a\u00f1o si podemos.<\/p><p>Oferta especial* - Llega pronto \/ Qu\u00e9date hasta tarde - EUR150<br \/>Llegue tan pronto como quiera el primer d\u00eda y qu\u00e9dese hasta tan tarde como quiera el \u00faltimo d\u00eda. Ideal para un fin de semana largo, \u00a1puedes pagar solo 2 noches pero disfrutar de 3 d\u00edas completos!<\/p><p>*Sujeto a disponibilidad y previa petici\u00f3n.<\/p>\t\t\t\t\t\t\t\t\t\t\t<\/div>\n\t\t\t\t\t\t\t\t\t<\/div>\n\t\t\t\t\t\t\t\t\t\t\t\t\t\t\t\t\t\t\t\t\t\t<\/div>\n\t\t\t\t\t<\/div>\n\t\t\t\t\t<\/div>\n\t\t\t\t\t<\/div>\t\t\t\t\t\t\t\t\t\t\t\t<\/div>\n\t\t\t\n\t\t<\/div>\n\t\t<\/section>\n\t\t<!-- about end -->\n\n\t\t\t\t\t\t<\/div>\n\t\t\t\t<\/div>\n\t\t\t\t\t<\/div>\n\t\t<\/div>\n\t\t\t\t\t<\/div>\n\t\t<\/section>\n\t\t\t\t<\/div>","protected":false},"excerpt":{"rendered":"<p>Rates &amp; Booking Information Home Booking Information Villa Rates Casa Principal and El Nido (Sleeps 12) From as little as&#8230; <span class=\"knsl-el-more\"><a href=\"https:\/\/lacazalladeronda.com\/es\/book-now\/\" class=\"knsl-btn\">Read more<span class=\"screen-reader-text\">Read more&nbsp;Pricing<\/span><\/a><\/span><\/p>","protected":false},"author":1,"featured_media":0,"parent":0,"menu_order":0,"comment_status":"closed","ping_status":"closed","template":"template-layout-builder.php","meta":{"_acf_changed":false,"_monsterinsights_skip_tracking":false,"_monsterinsights_sitenote_active":false,"_monsterinsights_sitenote_note":"","_monsterinsights_sitenote_category":0,"footnotes":""},"class_list":["post-10234","page","type-page","status-publish","hentry"],"acf":[],"yoast_head":"<!-- This site is optimized with the Yoast SEO plugin v26.5 - https:\/\/yoast.com\/wordpress\/plugins\/seo\/ -->\n<title>Book La Cazalla de Ronda | Pricing &amp; Booking Information<\/title>\n<meta name=\"description\" content=\"How to book your stay at La Cazalla de Ronda. Pricing and booking information for our private villa in Ronda, Andalusia.\" \/>\n<meta name=\"robots\" content=\"index, follow, max-snippet:-1, max-image-preview:large, max-video-preview:-1\" \/>\n<link rel=\"canonical\" href=\"https:\/\/lacazalladeronda.com\/es\/book-now\/\" \/>\n<meta property=\"og:locale\" content=\"es_ES\" \/>\n<meta property=\"og:type\" content=\"article\" \/>\n<meta property=\"og:title\" content=\"Book La Cazalla de Ronda | Pricing &amp; Booking Information\" \/>\n<meta property=\"og:description\" content=\"How to book your stay at La Cazalla de Ronda. Pricing and booking information for our private villa in Ronda, Andalusia.\" \/>\n<meta property=\"og:url\" content=\"https:\/\/lacazalladeronda.com\/es\/book-now\/\" \/>\n<meta property=\"og:site_name\" content=\"La Cazalla de Ronda\" \/>\n<meta property=\"article:modified_time\" content=\"2025-03-27T12:19:20+00:00\" \/>\n<meta property=\"og:image\" content=\"https:\/\/lacazalladeronda.com\/wp-content\/uploads\/2024\/08\/Outside-dining.jpg\" \/>\n<meta name=\"twitter:card\" content=\"summary_large_image\" \/>\n<meta name=\"twitter:label1\" content=\"Tiempo de lectura\" \/>\n\t<meta name=\"twitter:data1\" content=\"3 minutos\" \/>\n<script type=\"application\/ld+json\" class=\"yoast-schema-graph\">{\"@context\":\"https:\/\/schema.org\",\"@graph\":[{\"@type\":\"WebPage\",\"@id\":\"https:\/\/lacazalladeronda.com\/book-now\/\",\"url\":\"https:\/\/lacazalladeronda.com\/book-now\/\",\"name\":\"Book La Cazalla de Ronda | Pricing & Booking Information\",\"isPartOf\":{\"@id\":\"https:\/\/lacazalladeronda.com\/#website\"},\"primaryImageOfPage\":{\"@id\":\"https:\/\/lacazalladeronda.com\/book-now\/#primaryimage\"},\"image\":{\"@id\":\"https:\/\/lacazalladeronda.com\/book-now\/#primaryimage\"},\"thumbnailUrl\":\"https:\/\/lacazalladeronda.com\/wp-content\/uploads\/2024\/08\/Outside-dining.jpg\",\"datePublished\":\"2024-10-30T15:11:15+00:00\",\"dateModified\":\"2025-03-27T12:19:20+00:00\",\"description\":\"How to book your stay at La Cazalla de Ronda. Pricing and booking information for our private villa in Ronda, Andalusia.\",\"breadcrumb\":{\"@id\":\"https:\/\/lacazalladeronda.com\/book-now\/#breadcrumb\"},\"inLanguage\":\"es\",\"potentialAction\":[{\"@type\":\"ReadAction\",\"target\":[\"https:\/\/lacazalladeronda.com\/book-now\/\"]}]},{\"@type\":\"ImageObject\",\"inLanguage\":\"es\",\"@id\":\"https:\/\/lacazalladeronda.com\/book-now\/#primaryimage\",\"url\":\"https:\/\/lacazalladeronda.com\/wp-content\/uploads\/2024\/08\/Outside-dining.jpg\",\"contentUrl\":\"https:\/\/lacazalladeronda.com\/wp-content\/uploads\/2024\/08\/Outside-dining.jpg\"},{\"@type\":\"BreadcrumbList\",\"@id\":\"https:\/\/lacazalladeronda.com\/book-now\/#breadcrumb\",\"itemListElement\":[{\"@type\":\"ListItem\",\"position\":1,\"name\":\"Home\",\"item\":\"https:\/\/lacazalladeronda.com\/\"},{\"@type\":\"ListItem\",\"position\":2,\"name\":\"Pricing\"}]},{\"@type\":\"WebSite\",\"@id\":\"https:\/\/lacazalladeronda.com\/#website\",\"url\":\"https:\/\/lacazalladeronda.com\/\",\"name\":\"La Cazalla de Ronda\",\"description\":\"Discreet luxury in a secret country house in Andalucia\",\"potentialAction\":[{\"@type\":\"SearchAction\",\"target\":{\"@type\":\"EntryPoint\",\"urlTemplate\":\"https:\/\/lacazalladeronda.com\/?s={search_term_string}\"},\"query-input\":{\"@type\":\"PropertyValueSpecification\",\"valueRequired\":true,\"valueName\":\"search_term_string\"}}],\"inLanguage\":\"es\"}]}<\/script>\n<!-- \/ Yoast SEO plugin. -->","yoast_head_json":{"title":"Book La Cazalla de Ronda | Pricing & Booking Information","description":"How to book your stay at La Cazalla de Ronda. Pricing and booking information for our private villa in Ronda, Andalusia.","robots":{"index":"index","follow":"follow","max-snippet":"max-snippet:-1","max-image-preview":"max-image-preview:large","max-video-preview":"max-video-preview:-1"},"canonical":"https:\/\/lacazalladeronda.com\/es\/book-now\/","og_locale":"es_ES","og_type":"article","og_title":"Book La Cazalla de Ronda | Pricing & Booking Information","og_description":"How to book your stay at La Cazalla de Ronda. Pricing and booking information for our private villa in Ronda, Andalusia.","og_url":"https:\/\/lacazalladeronda.com\/es\/book-now\/","og_site_name":"La Cazalla de Ronda","article_modified_time":"2025-03-27T12:19:20+00:00","og_image":[{"url":"https:\/\/lacazalladeronda.com\/wp-content\/uploads\/2024\/08\/Outside-dining.jpg","type":"","width":"","height":""}],"twitter_card":"summary_large_image","twitter_misc":{"Tiempo de lectura":"3 minutos"},"schema":{"@context":"https:\/\/schema.org","@graph":[{"@type":"WebPage","@id":"https:\/\/lacazalladeronda.com\/book-now\/","url":"https:\/\/lacazalladeronda.com\/book-now\/","name":"Book La Cazalla de Ronda | Pricing & Booking Information","isPartOf":{"@id":"https:\/\/lacazalladeronda.com\/#website"},"primaryImageOfPage":{"@id":"https:\/\/lacazalladeronda.com\/book-now\/#primaryimage"},"image":{"@id":"https:\/\/lacazalladeronda.com\/book-now\/#primaryimage"},"thumbnailUrl":"https:\/\/lacazalladeronda.com\/wp-content\/uploads\/2024\/08\/Outside-dining.jpg","datePublished":"2024-10-30T15:11:15+00:00","dateModified":"2025-03-27T12:19:20+00:00","description":"How to book your stay at La Cazalla de Ronda. Pricing and booking information for our private villa in Ronda, Andalusia.","breadcrumb":{"@id":"https:\/\/lacazalladeronda.com\/book-now\/#breadcrumb"},"inLanguage":"es","potentialAction":[{"@type":"ReadAction","target":["https:\/\/lacazalladeronda.com\/book-now\/"]}]},{"@type":"ImageObject","inLanguage":"es","@id":"https:\/\/lacazalladeronda.com\/book-now\/#primaryimage","url":"https:\/\/lacazalladeronda.com\/wp-content\/uploads\/2024\/08\/Outside-dining.jpg","contentUrl":"https:\/\/lacazalladeronda.com\/wp-content\/uploads\/2024\/08\/Outside-dining.jpg"},{"@type":"BreadcrumbList","@id":"https:\/\/lacazalladeronda.com\/book-now\/#breadcrumb","itemListElement":[{"@type":"ListItem","position":1,"name":"Home","item":"https:\/\/lacazalladeronda.com\/"},{"@type":"ListItem","position":2,"name":"Pricing"}]},{"@type":"WebSite","@id":"https:\/\/lacazalladeronda.com\/#website","url":"https:\/\/lacazalladeronda.com\/","name":"La Cazalla de Ronda","description":"Discreet luxury in a secret country house in Andalucia","potentialAction":[{"@type":"SearchAction","target":{"@type":"EntryPoint","urlTemplate":"https:\/\/lacazalladeronda.com\/?s={search_term_string}"},"query-input":{"@type":"PropertyValueSpecification","valueRequired":true,"valueName":"search_term_string"}}],"inLanguage":"es"}]}},"_links":{"self":[{"href":"https:\/\/lacazalladeronda.com\/es\/wp-json\/wp\/v2\/pages\/10234","targetHints":{"allow":["GET"]}}],"collection":[{"href":"https:\/\/lacazalladeronda.com\/es\/wp-json\/wp\/v2\/pages"}],"about":[{"href":"https:\/\/lacazalladeronda.com\/es\/wp-json\/wp\/v2\/types\/page"}],"author":[{"embeddable":true,"href":"https:\/\/lacazalladeronda.com\/es\/wp-json\/wp\/v2\/users\/1"}],"replies":[{"embeddable":true,"href":"https:\/\/lacazalladeronda.com\/es\/wp-json\/wp\/v2\/comments?post=10234"}],"version-history":[{"count":38,"href":"https:\/\/lacazalladeronda.com\/es\/wp-json\/wp\/v2\/pages\/10234\/revisions"}],"predecessor-version":[{"id":11254,"href":"https:\/\/lacazalladeronda.com\/es\/wp-json\/wp\/v2\/pages\/10234\/revisions\/11254"}],"wp:attachment":[{"href":"https:\/\/lacazalladeronda.com\/es\/wp-json\/wp\/v2\/media?parent=10234"}],"curies":[{"name":"wp","href":"https:\/\/api.w.org\/{rel}","templated":true}]}}